{"id":962,"date":"2022-01-24T12:13:38","date_gmt":"2022-01-24T11:13:38","guid":{"rendered":"https:\/\/eleiana.fr\/?page_id=962"},"modified":"2022-01-27T10:18:08","modified_gmt":"2022-01-27T09:18:08","slug":"creation-numerique","status":"publish","type":"page","link":"https:\/\/eleiana.fr\/index.php\/creation-numerique\/","title":{"rendered":"Cr\u00e9ation num\u00e9rique"},"content":{"rendered":"<p style=\"text-align: center;\">Quelques cr\u00e9ations num\u00e9riques pour se r\u00e9aligner :<\/p>\n<p style=\"text-align: center;\">Ces cr\u00e9ations vont permettre un r\u00e9alignement de vos structures \u00e9th\u00e9riques.<\/p>\n<p style=\"text-align: center;\">Afin de diffuser pleinement l&rsquo;information \u00e0 vos cellules, prenez un temps pour vous connecter \u00e0 votre espace du c\u0153ur au centre de votre poitrine, et par vos respirations, laissez circuler :<\/p>\n<p>&nbsp;<\/p>\n<p style=\"text-align: center;\">Une cr\u00e9ation pour aligner les Trois Foyers dans sa sph\u00e8re quantique par l\u2019octa\u00e8dre du C\u0153ur<\/p>\n<p><img loading=\"lazy\" class=\"aligncenter size-full wp-image-968\" src=\"https:\/\/eleiana.fr\/wp-content\/uploads\/2022\/01\/triplefoyerspherequantique.jpg\" alt=\"\" width=\"738\" height=\"738\" srcset=\"https:\/\/eleiana.fr\/wp-content\/uploads\/2022\/01\/triplefoyerspherequantique.jpg 738w, https:\/\/eleiana.fr\/wp-content\/uploads\/2022\/01\/triplefoyerspherequantique-300x300.jpg 300w, https:\/\/eleiana.fr\/wp-content\/uploads\/2022\/01\/triplefoyerspherequantique-150x150.jpg 150w, https:\/\/eleiana.fr\/wp-content\/uploads\/2022\/01\/triplefoyerspherequantique-100x100.jpg 100w\" sizes=\"(max-width: 738px) 100vw, 738px\" \/><\/p>\n<p style=\"text-align: center;\">Un cr\u00e9ation pour d\u00e9ployer ses ellipses des 8 directions par l&rsquo;octa\u00e8dre du C\u0153ur \u00e9th\u00e9rique<\/p>\n<p><img loading=\"lazy\" class=\"aligncenter size-large wp-image-970\" src=\"https:\/\/eleiana.fr\/wp-content\/uploads\/2022\/01\/TripleEnceinteson-CoeurEtoile-1024x897.jpg\" alt=\"\" width=\"525\" height=\"460\" srcset=\"https:\/\/eleiana.fr\/wp-content\/uploads\/2022\/01\/TripleEnceinteson-CoeurEtoile-1024x897.jpg 1024w, https:\/\/eleiana.fr\/wp-content\/uploads\/2022\/01\/TripleEnceinteson-CoeurEtoile-300x263.jpg 300w, https:\/\/eleiana.fr\/wp-content\/uploads\/2022\/01\/TripleEnceinteson-CoeurEtoile-768x673.jpg 768w, https:\/\/eleiana.fr\/wp-content\/uploads\/2022\/01\/TripleEnceinteson-CoeurEtoile-1536x1346.jpg 1536w, https:\/\/eleiana.fr\/wp-content\/uploads\/2022\/01\/TripleEnceinteson-CoeurEtoile.jpg 2000w\" sizes=\"(max-width: 525px) 100vw, 525px\" \/><\/p>\n<p style=\"text-align: center;\">Une cr\u00e9ation pour se relier \u00e0 l&rsquo;Alchimiste en soi<\/p>\n<p><img loading=\"lazy\" class=\"aligncenter size-large wp-image-971\" src=\"https:\/\/eleiana.fr\/wp-content\/uploads\/2022\/01\/Alveoles_guidancedes13etoiles-1024x758.jpg\" alt=\"\" width=\"525\" height=\"389\" srcset=\"https:\/\/eleiana.fr\/wp-content\/uploads\/2022\/01\/Alveoles_guidancedes13etoiles-1024x758.jpg 1024w, https:\/\/eleiana.fr\/wp-content\/uploads\/2022\/01\/Alveoles_guidancedes13etoiles-300x222.jpg 300w, https:\/\/eleiana.fr\/wp-content\/uploads\/2022\/01\/Alveoles_guidancedes13etoiles-768x569.jpg 768w, https:\/\/eleiana.fr\/wp-content\/uploads\/2022\/01\/Alveoles_guidancedes13etoiles-1536x1137.jpg 1536w, https:\/\/eleiana.fr\/wp-content\/uploads\/2022\/01\/Alveoles_guidancedes13etoiles.jpg 1588w\" sizes=\"(max-width: 525px) 100vw, 525px\" \/><\/p>\n","protected":false},"excerpt":{"rendered":"<p>Quelques cr\u00e9ations num\u00e9riques pour se r\u00e9aligner : Ces cr\u00e9ations vont permettre un r\u00e9alignement de vos structures \u00e9th\u00e9riques. Afin de diffuser pleinement l&rsquo;information \u00e0 vos cellules, prenez un temps pour vous connecter \u00e0 votre espace du c\u0153ur au centre de votre poitrine, et par vos respirations, laissez circuler : &nbsp; Une cr\u00e9ation pour aligner les Trois &hellip; <\/p>\n<p class=\"link-more\"><a href=\"https:\/\/eleiana.fr\/index.php\/creation-numerique\/\" class=\"more-link\">Continuer la lecture<span class=\"screen-reader-text\"> de &laquo;&nbsp;Cr\u00e9ation num\u00e9rique&nbsp;&raquo;<\/span><\/a><\/p>\n","protected":false},"author":1,"featured_media":0,"parent":0,"menu_order":0,"comment_status":"closed","ping_status":"closed","template":"","meta":[],"_links":{"self":[{"href":"https:\/\/eleiana.fr\/index.php\/wp-json\/wp\/v2\/pages\/962"}],"collection":[{"href":"https:\/\/eleiana.fr\/index.php\/wp-json\/wp\/v2\/pages"}],"about":[{"href":"https:\/\/eleiana.fr\/index.php\/wp-json\/wp\/v2\/types\/page"}],"author":[{"embeddable":true,"href":"https:\/\/eleiana.fr\/index.php\/wp-json\/wp\/v2\/users\/1"}],"replies":[{"embeddable":true,"href":"https:\/\/eleiana.fr\/index.php\/wp-json\/wp\/v2\/comments?post=962"}],"version-history":[{"count":6,"href":"https:\/\/eleiana.fr\/index.php\/wp-json\/wp\/v2\/pages\/962\/revisions"}],"predecessor-version":[{"id":977,"href":"https:\/\/eleiana.fr\/index.php\/wp-json\/wp\/v2\/pages\/962\/revisions\/977"}],"wp:attachment":[{"href":"https:\/\/eleiana.fr\/index.php\/wp-json\/wp\/v2\/media?parent=962"}],"curies":[{"name":"wp","href":"https:\/\/api.w.org\/{rel}","templated":true}]}}