{"id":795,"date":"2019-03-27T16:57:06","date_gmt":"2019-03-27T15:57:06","guid":{"rendered":"https:\/\/eleiana.fr\/?page_id=795"},"modified":"2025-07-05T17:15:13","modified_gmt":"2025-07-05T15:15:13","slug":"creation-aquarelle-art-vibratoire","status":"publish","type":"page","link":"https:\/\/eleiana.fr\/index.php\/creations-eleiana\/creation-aquarelle-art-vibratoire\/","title":{"rendered":"Cr\u00e9ation Aquarelle, art vibratoire"},"content":{"rendered":"<p><span style=\"font-size: 24px;\">Dans mon processus d&rsquo;\u00e9volution, la peinture vibratoire a \u00e9t\u00e9 une porte d&rsquo;entr\u00e9e pour me reconnecter \u00e0 mon \u00catre authentique.<\/span><\/p>\n<p><span style=\"font-size: 24px;\">Aujourd&rsquo;hui, je propose des cr\u00e9ations sur mesure pour vous aider dans votre processus de vous reconnecter \u00e0 votre vraie nature.<\/span><\/p>\n<figure id=\"attachment_1068\" aria-describedby=\"caption-attachment-1068\" style=\"width: 1459px\" class=\"wp-caption alignleft\"><a href=\"https:\/\/eleiana.fr\/index.php\/creations-eleiana\/creation-aquarelle-art-vibratoire\/exif_jpeg_420-10\/\" rel=\"attachment wp-att-1068\"><img loading=\"lazy\" class=\"size-full wp-image-1068\" src=\"https:\/\/eleiana.fr\/wp-content\/uploads\/2025\/07\/Beauverie_Aquarelle_photo02.jpg\" alt=\"\" width=\"1459\" height=\"2048\" srcset=\"https:\/\/eleiana.fr\/wp-content\/uploads\/2025\/07\/Beauverie_Aquarelle_photo02.jpg 1459w, https:\/\/eleiana.fr\/wp-content\/uploads\/2025\/07\/Beauverie_Aquarelle_photo02-214x300.jpg 214w, https:\/\/eleiana.fr\/wp-content\/uploads\/2025\/07\/Beauverie_Aquarelle_photo02-730x1024.jpg 730w, https:\/\/eleiana.fr\/wp-content\/uploads\/2025\/07\/Beauverie_Aquarelle_photo02-768x1078.jpg 768w, https:\/\/eleiana.fr\/wp-content\/uploads\/2025\/07\/Beauverie_Aquarelle_photo02-1094x1536.jpg 1094w\" sizes=\"(max-width: 706px) 89vw, (max-width: 767px) 82vw, 740px\" \/><\/a><figcaption id=\"caption-attachment-1068\" class=\"wp-caption-text\">S\u00e9r\u00e9nit\u00e9<\/figcaption><\/figure>\n","protected":false},"excerpt":{"rendered":"<p>Dans mon processus d&rsquo;\u00e9volution, la peinture vibratoire a \u00e9t\u00e9 une porte d&rsquo;entr\u00e9e pour me reconnecter \u00e0 mon \u00catre authentique. Aujourd&rsquo;hui, je propose des cr\u00e9ations sur mesure pour vous aider dans votre processus de vous reconnecter \u00e0 votre vraie nature.<\/p>\n","protected":false},"author":1,"featured_media":0,"parent":778,"menu_order":2,"comment_status":"closed","ping_status":"closed","template":"","meta":[],"_links":{"self":[{"href":"https:\/\/eleiana.fr\/index.php\/wp-json\/wp\/v2\/pages\/795"}],"collection":[{"href":"https:\/\/eleiana.fr\/index.php\/wp-json\/wp\/v2\/pages"}],"about":[{"href":"https:\/\/eleiana.fr\/index.php\/wp-json\/wp\/v2\/types\/page"}],"author":[{"embeddable":true,"href":"https:\/\/eleiana.fr\/index.php\/wp-json\/wp\/v2\/users\/1"}],"replies":[{"embeddable":true,"href":"https:\/\/eleiana.fr\/index.php\/wp-json\/wp\/v2\/comments?post=795"}],"version-history":[{"count":7,"href":"https:\/\/eleiana.fr\/index.php\/wp-json\/wp\/v2\/pages\/795\/revisions"}],"predecessor-version":[{"id":1070,"href":"https:\/\/eleiana.fr\/index.php\/wp-json\/wp\/v2\/pages\/795\/revisions\/1070"}],"up":[{"embeddable":true,"href":"https:\/\/eleiana.fr\/index.php\/wp-json\/wp\/v2\/pages\/778"}],"wp:attachment":[{"href":"https:\/\/eleiana.fr\/index.php\/wp-json\/wp\/v2\/media?parent=795"}],"curies":[{"name":"wp","href":"https:\/\/api.w.org\/{rel}","templated":true}]}}