{"id":788,"date":"2019-03-25T17:19:48","date_gmt":"2019-03-25T16:19:48","guid":{"rendered":"https:\/\/eleiana.fr\/?page_id=788"},"modified":"2024-01-15T16:39:51","modified_gmt":"2024-01-15T15:39:51","slug":"creation-bijou-macrame-pierre","status":"publish","type":"page","link":"https:\/\/eleiana.fr\/index.php\/creations-eleiana\/creation-bijou-macrame-pierre\/","title":{"rendered":"Cr\u00e9ation bijou macram\u00e9 &#038; pierre"},"content":{"rendered":"<p style=\"text-align: center;\">Chaque cr\u00e9ation est un soin de l&rsquo;\u00catre.<\/p>\n<p style=\"text-align: center;\">Reliance et Reconnexion par la trame aux \u00e9nergies d&rsquo;\u00e9volution,<\/p>\n<p style=\"text-align: center;\">Action par les min\u00e9raux qui diffusent des informations vibratoires.<\/p>\n<p style=\"text-align: center;\">L&rsquo;acquisition d&rsquo;un bijou n\u00e9cessite une harmonisation.<\/p>\n<p style=\"text-align: center;\">Cette harmonisation est faite \u00e0 r\u00e9ception en reliance avec la personne.<\/p>\n<figure id=\"attachment_985\" aria-describedby=\"caption-attachment-985\" style=\"width: 191px\" class=\"wp-caption alignleft\"><img loading=\"lazy\" class=\"size-medium wp-image-985\" src=\"https:\/\/eleiana.fr\/wp-content\/uploads\/2023\/10\/CollierAgatDentriteMiel_RelianceauxMondesAquatiquesDiciDailleurs-191x300.jpg\" alt=\"\" width=\"191\" height=\"300\" srcset=\"https:\/\/eleiana.fr\/wp-content\/uploads\/2023\/10\/CollierAgatDentriteMiel_RelianceauxMondesAquatiquesDiciDailleurs-191x300.jpg 191w, https:\/\/eleiana.fr\/wp-content\/uploads\/2023\/10\/CollierAgatDentriteMiel_RelianceauxMondesAquatiquesDiciDailleurs-653x1024.jpg 653w, https:\/\/eleiana.fr\/wp-content\/uploads\/2023\/10\/CollierAgatDentriteMiel_RelianceauxMondesAquatiquesDiciDailleurs-768x1204.jpg 768w, https:\/\/eleiana.fr\/wp-content\/uploads\/2023\/10\/CollierAgatDentriteMiel_RelianceauxMondesAquatiquesDiciDailleurs-980x1536.jpg 980w, https:\/\/eleiana.fr\/wp-content\/uploads\/2023\/10\/CollierAgatDentriteMiel_RelianceauxMondesAquatiquesDiciDailleurs.jpg 999w\" sizes=\"(max-width: 191px) 100vw, 191px\" \/><figcaption id=\"caption-attachment-985\" class=\"wp-caption-text\">Collier de reliance \u00e0 la sagesse des mondes aquatiques &#8211; cabochon agate dendrite miel et perles quartz rutile et jaspe l\u00e9opard<\/figcaption><\/figure>\n<p>&nbsp;<\/p>\n<p>&nbsp;<\/p>\n<p>&nbsp;<\/p>\n<p>&nbsp;<\/p>\n<p>&nbsp;<\/p>\n<p>&nbsp;<\/p>\n<p><img loading=\"lazy\" class=\"size-medium wp-image-994 aligncenter\" style=\"font-weight: bold; color: #666666; font-size: 0.8125rem; font-style: italic;\" src=\"https:\/\/eleiana.fr\/wp-content\/uploads\/2024\/01\/CreationBoisFossileGoutte_2023-300x298.jpg\" alt=\"\" width=\"300\" height=\"298\" srcset=\"https:\/\/eleiana.fr\/wp-content\/uploads\/2024\/01\/CreationBoisFossileGoutte_2023-300x298.jpg 300w, https:\/\/eleiana.fr\/wp-content\/uploads\/2024\/01\/CreationBoisFossileGoutte_2023-1024x1016.jpg 1024w, https:\/\/eleiana.fr\/wp-content\/uploads\/2024\/01\/CreationBoisFossileGoutte_2023-150x150.jpg 150w, https:\/\/eleiana.fr\/wp-content\/uploads\/2024\/01\/CreationBoisFossileGoutte_2023-768x762.jpg 768w, https:\/\/eleiana.fr\/wp-content\/uploads\/2024\/01\/CreationBoisFossileGoutte_2023-1536x1524.jpg 1536w, https:\/\/eleiana.fr\/wp-content\/uploads\/2024\/01\/CreationBoisFossileGoutte_2023-2048x2032.jpg 2048w, https:\/\/eleiana.fr\/wp-content\/uploads\/2024\/01\/CreationBoisFossileGoutte_2023-100x100.jpg 100w\" sizes=\"(max-width: 300px) 100vw, 300px\" \/><\/p>\n<p>Collier en lin cir\u00e9 avec cabochon goutte en bois fossile, perles \u0153il de tigre &amp; \u0153il de taureau apportant ancrage et s\u00e9curit\u00e9<\/p>\n<figure id=\"attachment_997\" aria-describedby=\"caption-attachment-997\" style=\"width: 262px\" class=\"wp-caption alignleft\"><img loading=\"lazy\" class=\"size-medium wp-image-997\" src=\"https:\/\/eleiana.fr\/wp-content\/uploads\/2024\/01\/CreationOieldeFaucon_2023-262x300.jpg\" alt=\"\" width=\"262\" height=\"300\" srcset=\"https:\/\/eleiana.fr\/wp-content\/uploads\/2024\/01\/CreationOieldeFaucon_2023-262x300.jpg 262w, https:\/\/eleiana.fr\/wp-content\/uploads\/2024\/01\/CreationOieldeFaucon_2023-893x1024.jpg 893w, https:\/\/eleiana.fr\/wp-content\/uploads\/2024\/01\/CreationOieldeFaucon_2023-768x880.jpg 768w, https:\/\/eleiana.fr\/wp-content\/uploads\/2024\/01\/CreationOieldeFaucon_2023-1340x1536.jpg 1340w, https:\/\/eleiana.fr\/wp-content\/uploads\/2024\/01\/CreationOieldeFaucon_2023-1786x2048.jpg 1786w\" sizes=\"(max-width: 262px) 100vw, 262px\" \/><figcaption id=\"caption-attachment-997\" class=\"wp-caption-text\">Collier pour homme en lin cir\u00e9 avec cabochon \u0153il de faucon apportant protection et clairvoyance, agissant \u00e9galement sur les yeux<\/figcaption><\/figure>\n","protected":false},"excerpt":{"rendered":"<p>Chaque cr\u00e9ation est un soin de l&rsquo;\u00catre. Reliance et Reconnexion par la trame aux \u00e9nergies d&rsquo;\u00e9volution, Action par les min\u00e9raux qui diffusent des informations vibratoires. L&rsquo;acquisition d&rsquo;un bijou n\u00e9cessite une harmonisation. Cette harmonisation est faite \u00e0 r\u00e9ception en reliance avec la personne. &nbsp; &nbsp; &nbsp; &nbsp; &nbsp; &nbsp; Collier en lin cir\u00e9 avec cabochon goutte &hellip; <\/p>\n<p class=\"link-more\"><a href=\"https:\/\/eleiana.fr\/index.php\/creations-eleiana\/creation-bijou-macrame-pierre\/\" class=\"more-link\">Continuer la lecture<span class=\"screen-reader-text\"> de &laquo;&nbsp;Cr\u00e9ation bijou macram\u00e9 &#038; pierre&nbsp;&raquo;<\/span><\/a><\/p>\n","protected":false},"author":1,"featured_media":0,"parent":778,"menu_order":1,"comment_status":"closed","ping_status":"closed","template":"","meta":[],"_links":{"self":[{"href":"https:\/\/eleiana.fr\/index.php\/wp-json\/wp\/v2\/pages\/788"}],"collection":[{"href":"https:\/\/eleiana.fr\/index.php\/wp-json\/wp\/v2\/pages"}],"about":[{"href":"https:\/\/eleiana.fr\/index.php\/wp-json\/wp\/v2\/types\/page"}],"author":[{"embeddable":true,"href":"https:\/\/eleiana.fr\/index.php\/wp-json\/wp\/v2\/users\/1"}],"replies":[{"embeddable":true,"href":"https:\/\/eleiana.fr\/index.php\/wp-json\/wp\/v2\/comments?post=788"}],"version-history":[{"count":16,"href":"https:\/\/eleiana.fr\/index.php\/wp-json\/wp\/v2\/pages\/788\/revisions"}],"predecessor-version":[{"id":802,"href":"https:\/\/eleiana.fr\/index.php\/wp-json\/wp\/v2\/pages\/788\/revisions\/802"}],"up":[{"embeddable":true,"href":"https:\/\/eleiana.fr\/index.php\/wp-json\/wp\/v2\/pages\/778"}],"wp:attachment":[{"href":"https:\/\/eleiana.fr\/index.php\/wp-json\/wp\/v2\/media?parent=788"}],"curies":[{"name":"wp","href":"https:\/\/api.w.org\/{rel}","templated":true}]}}