{"id":192,"date":"2018-11-18T07:55:27","date_gmt":"2018-11-18T07:55:27","guid":{"rendered":"https:\/\/eleiana.fr\/?page_id=192"},"modified":"2024-01-15T11:24:24","modified_gmt":"2024-01-15T10:24:24","slug":"tarifs-bioenergie","status":"publish","type":"page","link":"https:\/\/eleiana.fr\/index.php\/bioenergie-equilibrage-energetique\/tarifs-bioenergie\/","title":{"rendered":"Tarifs Harmonisation"},"content":{"rendered":"<p style=\"text-align: center;\"><span style=\"color: #800080;\">Harmonisation \u00c9nerg\u00e9tique et Vibratoire : 60 euros<\/span><\/p>\n<p style=\"text-align: center;\"><span style=\"color: #800080;\">\u00e0 compter du 15 janvier 2024<\/span><\/p>\n<p style=\"text-align: center;\">\n","protected":false},"excerpt":{"rendered":"<p>Harmonisation \u00c9nerg\u00e9tique et Vibratoire : 60 euros \u00e0 compter du 15 janvier 2024<\/p>\n","protected":false},"author":1,"featured_media":0,"parent":98,"menu_order":3,"comment_status":"closed","ping_status":"closed","template":"","meta":[],"_links":{"self":[{"href":"https:\/\/eleiana.fr\/index.php\/wp-json\/wp\/v2\/pages\/192"}],"collection":[{"href":"https:\/\/eleiana.fr\/index.php\/wp-json\/wp\/v2\/pages"}],"about":[{"href":"https:\/\/eleiana.fr\/index.php\/wp-json\/wp\/v2\/types\/page"}],"author":[{"embeddable":true,"href":"https:\/\/eleiana.fr\/index.php\/wp-json\/wp\/v2\/users\/1"}],"replies":[{"embeddable":true,"href":"https:\/\/eleiana.fr\/index.php\/wp-json\/wp\/v2\/comments?post=192"}],"version-history":[{"count":11,"href":"https:\/\/eleiana.fr\/index.php\/wp-json\/wp\/v2\/pages\/192\/revisions"}],"predecessor-version":[{"id":988,"href":"https:\/\/eleiana.fr\/index.php\/wp-json\/wp\/v2\/pages\/192\/revisions\/988"}],"up":[{"embeddable":true,"href":"https:\/\/eleiana.fr\/index.php\/wp-json\/wp\/v2\/pages\/98"}],"wp:attachment":[{"href":"https:\/\/eleiana.fr\/index.php\/wp-json\/wp\/v2\/media?parent=192"}],"curies":[{"name":"wp","href":"https:\/\/api.w.org\/{rel}","templated":true}]}}