{"id":164,"date":"2018-11-17T15:57:17","date_gmt":"2018-11-17T15:57:17","guid":{"rendered":"https:\/\/eleiana.fr\/?page_id=164"},"modified":"2020-02-14T14:56:13","modified_gmt":"2020-02-14T13:56:13","slug":"164-1","status":"publish","type":"page","link":"https:\/\/eleiana.fr\/index.php\/les-ateliers-deleiana\/164-1\/","title":{"rendered":"Outils utilis\u00e9s dans les ateliers"},"content":{"rendered":"<p style=\"text-align: center;\"><span style=\"color: #800080;\">Tous les ateliers se d\u00e9clinent en plusieurs temps :<br \/>\n<\/span><\/p>\n<ul>\n<li style=\"text-align: center;\"><span style=\"color: #800080;\">Une partie o\u00f9 la m\u00e9ditation guid\u00e9e son et voix vous am\u00e8ne \u00e0 exp\u00e9rimenter l&rsquo;harmonisation \u00e9nerg\u00e9tique et vibratoire.<\/span><\/li>\n<\/ul>\n<p style=\"text-align: center;\"><span style=\"color: #800080;\">Pour vous accompagner dans vos voyages de la conscience, j&rsquo;utilise le Kotamo, instrument \u00e0 cordes harmonisant mais \u00e9galement le didgerido.<\/span><\/p>\n<p style=\"text-align: center;\"><span style=\"color: #800080;\"> La visualisation et l&rsquo;intention, la guidance du son et de la voix permettent\u00a0<\/span><span style=\"color: #800080;\"> d&rsquo;apaiser le corps \u00e9motionnel, de lib\u00e9rer le corps mental et d&rsquo;amener un \u00e9veil int\u00e9rieur en fonction de l\u00e0 o\u00f9 vous en \u00eates sur votre chemin.<\/span><\/p>\n<ul>\n<li style=\"text-align: center;\"><span style=\"color: #800080;\">Une partie o\u00f9 vous exp\u00e9rimentez la r\u00e9sonance sonore, le chant vibratoire et des pratiques \u00e9nerg\u00e9tiques.<br \/>\n<\/span><\/li>\n<\/ul>\n<p style=\"text-align: center;\"><span style=\"color: #800080;\">La dur\u00e9e des ateliers\u00a0 : 1h30 &#8211; 2 h<br \/>\n<\/span><\/p>\n<p style=\"text-align: center;\"><a href=\"https:\/\/eleiana.fr\/index.php\/calendar\/\" target=\"_blank\" rel=\"noopener noreferrer\"><span style=\"color: #800080;\">calendrier<\/span><\/a><\/p>\n<p>&nbsp;<\/p>\n","protected":false},"excerpt":{"rendered":"<p>Tous les ateliers se d\u00e9clinent en plusieurs temps : Une partie o\u00f9 la m\u00e9ditation guid\u00e9e son et voix vous am\u00e8ne \u00e0 exp\u00e9rimenter l&rsquo;harmonisation \u00e9nerg\u00e9tique et vibratoire. Pour vous accompagner dans vos voyages de la conscience, j&rsquo;utilise le Kotamo, instrument \u00e0 cordes harmonisant mais \u00e9galement le didgerido. La visualisation et l&rsquo;intention, la guidance du son et &hellip; <\/p>\n<p class=\"link-more\"><a href=\"https:\/\/eleiana.fr\/index.php\/les-ateliers-deleiana\/164-1\/\" class=\"more-link\">Continuer la lecture<span class=\"screen-reader-text\"> de &laquo;&nbsp;Outils utilis\u00e9s dans les ateliers&nbsp;&raquo;<\/span><\/a><\/p>\n","protected":false},"author":1,"featured_media":0,"parent":49,"menu_order":1,"comment_status":"closed","ping_status":"closed","template":"","meta":[],"_links":{"self":[{"href":"https:\/\/eleiana.fr\/index.php\/wp-json\/wp\/v2\/pages\/164"}],"collection":[{"href":"https:\/\/eleiana.fr\/index.php\/wp-json\/wp\/v2\/pages"}],"about":[{"href":"https:\/\/eleiana.fr\/index.php\/wp-json\/wp\/v2\/types\/page"}],"author":[{"embeddable":true,"href":"https:\/\/eleiana.fr\/index.php\/wp-json\/wp\/v2\/users\/1"}],"replies":[{"embeddable":true,"href":"https:\/\/eleiana.fr\/index.php\/wp-json\/wp\/v2\/comments?post=164"}],"version-history":[{"count":20,"href":"https:\/\/eleiana.fr\/index.php\/wp-json\/wp\/v2\/pages\/164\/revisions"}],"predecessor-version":[{"id":938,"href":"https:\/\/eleiana.fr\/index.php\/wp-json\/wp\/v2\/pages\/164\/revisions\/938"}],"up":[{"embeddable":true,"href":"https:\/\/eleiana.fr\/index.php\/wp-json\/wp\/v2\/pages\/49"}],"wp:attachment":[{"href":"https:\/\/eleiana.fr\/index.php\/wp-json\/wp\/v2\/media?parent=164"}],"curies":[{"name":"wp","href":"https:\/\/api.w.org\/{rel}","templated":true}]}}