{"id":1005,"date":"2024-04-25T09:55:44","date_gmt":"2024-04-25T07:55:44","guid":{"rendered":"https:\/\/eleiana.fr\/?page_id=1005"},"modified":"2025-07-05T17:08:10","modified_gmt":"2025-07-05T15:08:10","slug":"creation-vibratoire-bois","status":"publish","type":"page","link":"https:\/\/eleiana.fr\/index.php\/creations-eleiana\/creation-vibratoire-bois\/","title":{"rendered":"Cr\u00e9ation vibratoire Bois"},"content":{"rendered":"<p style=\"text-align: center;\"><span style=\"font-size: 24px;\">Les cr\u00e9ations en bois sont des supports \u00e9nerg\u00e9tiques. L&rsquo;onde de forme \u00e9met une fr\u00e9quence qui aide le lieu dans lequel elle se trouve ainsi que les \u00eatres vivants. J&rsquo;utilise la fleur de vie et mes cr\u00e9ations num\u00e9riques.<\/span><\/p>\n<p style=\"text-align: center;\"><span style=\"font-size: 24px;\">Le travail se fait avec une scie \u00e0 chantourner pour la d\u00e9coupe et l&rsquo;onde de forme se fait via la pyrogravure. Mes petites mains leur apportent toute l&rsquo;attention n\u00e9cessaire \u00e0 une belle vibration du c\u0153ur.\u00a0<\/span><\/p>\n<p style=\"text-align: center;\"><span style=\"font-size: 24px;\">Actuellement, toutes mes cr\u00e9ations accompagnent mes s\u00e9ances d&rsquo;Harmonisation \u00e9nerg\u00e9tique et vibratoire. Je reproduis ou cr\u00e9e de nouveau mod\u00e8le selon les besoins de chacun sur commande<\/span><\/p>\n<figure id=\"attachment_1024\" aria-describedby=\"caption-attachment-1024\" style=\"width: 2560px\" class=\"wp-caption alignleft\"><a href=\"https:\/\/eleiana.fr\/index.php\/creations-eleiana\/creation-vibratoire-bois\/exif_jpeg_420-5\/\" rel=\"attachment wp-att-1024\"><img loading=\"lazy\" class=\"size-full wp-image-1024\" src=\"https:\/\/eleiana.fr\/wp-content\/uploads\/2024\/05\/CreationEleiana_boisTilleul_mai2024-scaled.jpg\" alt=\"Fleur de vie &amp; guidance stellaire\" width=\"2560\" height=\"2455\" srcset=\"https:\/\/eleiana.fr\/wp-content\/uploads\/2024\/05\/CreationEleiana_boisTilleul_mai2024-scaled.jpg 2560w, https:\/\/eleiana.fr\/wp-content\/uploads\/2024\/05\/CreationEleiana_boisTilleul_mai2024-300x288.jpg 300w, https:\/\/eleiana.fr\/wp-content\/uploads\/2024\/05\/CreationEleiana_boisTilleul_mai2024-1024x982.jpg 1024w, https:\/\/eleiana.fr\/wp-content\/uploads\/2024\/05\/CreationEleiana_boisTilleul_mai2024-768x737.jpg 768w, https:\/\/eleiana.fr\/wp-content\/uploads\/2024\/05\/CreationEleiana_boisTilleul_mai2024-1536x1473.jpg 1536w, https:\/\/eleiana.fr\/wp-content\/uploads\/2024\/05\/CreationEleiana_boisTilleul_mai2024-2048x1964.jpg 2048w\" sizes=\"(max-width: 706px) 89vw, (max-width: 767px) 82vw, 740px\" \/><\/a><figcaption id=\"caption-attachment-1024\" class=\"wp-caption-text\">Fleur de vie &amp; guidance stellaire &#8211; pyrogravure sur bois de tilleul<\/figcaption><\/figure>\n<figure id=\"attachment_1023\" aria-describedby=\"caption-attachment-1023\" style=\"width: 2495px\" class=\"wp-caption alignleft\"><a href=\"https:\/\/eleiana.fr\/index.php\/creations-eleiana\/creation-vibratoire-bois\/exif_jpeg_420-4\/\" rel=\"attachment wp-att-1023\"><img loading=\"lazy\" class=\"size-full wp-image-1023\" src=\"https:\/\/eleiana.fr\/wp-content\/uploads\/2024\/05\/IMG_20240503_141043_5522-scaled.jpg\" alt=\"Reliance cosmique\" width=\"2495\" height=\"2560\" srcset=\"https:\/\/eleiana.fr\/wp-content\/uploads\/2024\/05\/IMG_20240503_141043_5522-scaled.jpg 2495w, https:\/\/eleiana.fr\/wp-content\/uploads\/2024\/05\/IMG_20240503_141043_5522-292x300.jpg 292w, https:\/\/eleiana.fr\/wp-content\/uploads\/2024\/05\/IMG_20240503_141043_5522-998x1024.jpg 998w, https:\/\/eleiana.fr\/wp-content\/uploads\/2024\/05\/IMG_20240503_141043_5522-768x788.jpg 768w, https:\/\/eleiana.fr\/wp-content\/uploads\/2024\/05\/IMG_20240503_141043_5522-1497x1536.jpg 1497w, https:\/\/eleiana.fr\/wp-content\/uploads\/2024\/05\/IMG_20240503_141043_5522-1996x2048.jpg 1996w\" sizes=\"(max-width: 706px) 89vw, (max-width: 767px) 82vw, 740px\" \/><\/a><figcaption id=\"caption-attachment-1023\" class=\"wp-caption-text\">Reliance cosmique &#8211; pyrogravure sur essence de bois de Tilleul<\/figcaption><\/figure>\n<figure id=\"attachment_1061\" aria-describedby=\"caption-attachment-1061\" style=\"width: 1920px\" class=\"wp-caption alignleft\"><a href=\"https:\/\/eleiana.fr\/index.php\/creations-eleiana\/creation-vibratoire-bois\/exif_jpeg_420-8\/\" rel=\"attachment wp-att-1061\"><img loading=\"lazy\" class=\"size-full wp-image-1061\" src=\"https:\/\/eleiana.fr\/wp-content\/uploads\/2025\/07\/Objet_reliance_guidanceEtoilee-scaled.jpg\" alt=\"\" width=\"1920\" height=\"2560\" srcset=\"https:\/\/eleiana.fr\/wp-content\/uploads\/2025\/07\/Objet_reliance_guidanceEtoilee-scaled.jpg 1920w, https:\/\/eleiana.fr\/wp-content\/uploads\/2025\/07\/Objet_reliance_guidanceEtoilee-225x300.jpg 225w, https:\/\/eleiana.fr\/wp-content\/uploads\/2025\/07\/Objet_reliance_guidanceEtoilee-768x1024.jpg 768w, https:\/\/eleiana.fr\/wp-content\/uploads\/2025\/07\/Objet_reliance_guidanceEtoilee-1152x1536.jpg 1152w, https:\/\/eleiana.fr\/wp-content\/uploads\/2025\/07\/Objet_reliance_guidanceEtoilee-1536x2048.jpg 1536w\" sizes=\"(max-width: 706px) 89vw, (max-width: 767px) 82vw, 740px\" \/><\/a><figcaption id=\"caption-attachment-1061\" class=\"wp-caption-text\">Reliance Guidance Etoil\u00e9e<\/figcaption><\/figure>\n<figure id=\"attachment_1062\" aria-describedby=\"caption-attachment-1062\" style=\"width: 2089px\" class=\"wp-caption alignleft\"><a href=\"https:\/\/eleiana.fr\/index.php\/creations-eleiana\/creation-vibratoire-bois\/exif_jpeg_420-9\/\" rel=\"attachment wp-att-1062\"><img loading=\"lazy\" class=\"size-full wp-image-1062\" src=\"https:\/\/eleiana.fr\/wp-content\/uploads\/2025\/07\/IMG_20250410_150357_8292.jpg\" alt=\"\" width=\"2089\" height=\"1932\" srcset=\"https:\/\/eleiana.fr\/wp-content\/uploads\/2025\/07\/IMG_20250410_150357_8292.jpg 2089w, https:\/\/eleiana.fr\/wp-content\/uploads\/2025\/07\/IMG_20250410_150357_8292-300x277.jpg 300w, https:\/\/eleiana.fr\/wp-content\/uploads\/2025\/07\/IMG_20250410_150357_8292-1024x947.jpg 1024w, https:\/\/eleiana.fr\/wp-content\/uploads\/2025\/07\/IMG_20250410_150357_8292-768x710.jpg 768w, https:\/\/eleiana.fr\/wp-content\/uploads\/2025\/07\/IMG_20250410_150357_8292-1536x1421.jpg 1536w, https:\/\/eleiana.fr\/wp-content\/uploads\/2025\/07\/IMG_20250410_150357_8292-2048x1894.jpg 2048w\" sizes=\"(max-width: 706px) 89vw, (max-width: 767px) 82vw, 740px\" \/><\/a><figcaption id=\"caption-attachment-1062\" class=\"wp-caption-text\">Vibrer son Etoile<\/figcaption><\/figure>\n<figure id=\"attachment_1059\" aria-describedby=\"caption-attachment-1059\" style=\"width: 2470px\" class=\"wp-caption alignleft\"><a href=\"https:\/\/eleiana.fr\/index.php\/creations-eleiana\/creation-vibratoire-bois\/reliance_archangelique\/\" rel=\"attachment wp-att-1059\"><img loading=\"lazy\" class=\"size-full wp-image-1059\" src=\"https:\/\/eleiana.fr\/wp-content\/uploads\/2025\/07\/Reliance_archangelique-scaled.jpg\" alt=\"\" width=\"2470\" height=\"2560\" srcset=\"https:\/\/eleiana.fr\/wp-content\/uploads\/2025\/07\/Reliance_archangelique-scaled.jpg 2470w, https:\/\/eleiana.fr\/wp-content\/uploads\/2025\/07\/Reliance_archangelique-289x300.jpg 289w, https:\/\/eleiana.fr\/wp-content\/uploads\/2025\/07\/Reliance_archangelique-988x1024.jpg 988w, https:\/\/eleiana.fr\/wp-content\/uploads\/2025\/07\/Reliance_archangelique-768x796.jpg 768w, https:\/\/eleiana.fr\/wp-content\/uploads\/2025\/07\/Reliance_archangelique-1482x1536.jpg 1482w, https:\/\/eleiana.fr\/wp-content\/uploads\/2025\/07\/Reliance_archangelique-1976x2048.jpg 1976w\" sizes=\"(max-width: 706px) 89vw, (max-width: 767px) 82vw, 740px\" \/><\/a><figcaption id=\"caption-attachment-1059\" class=\"wp-caption-text\">Reliance archang\u00e9lique<\/figcaption><\/figure>\n<p>&nbsp;<\/p>\n<p>&nbsp;<\/p>\n<p>&nbsp;<\/p>\n<p>&nbsp;<\/p>\n<p>&nbsp;<\/p>\n","protected":false},"excerpt":{"rendered":"<p>Les cr\u00e9ations en bois sont des supports \u00e9nerg\u00e9tiques. L&rsquo;onde de forme \u00e9met une fr\u00e9quence qui aide le lieu dans lequel elle se trouve ainsi que les \u00eatres vivants. J&rsquo;utilise la fleur de vie et mes cr\u00e9ations num\u00e9riques. Le travail se fait avec une scie \u00e0 chantourner pour la d\u00e9coupe et l&rsquo;onde de forme se fait &hellip; <\/p>\n<p class=\"link-more\"><a href=\"https:\/\/eleiana.fr\/index.php\/creations-eleiana\/creation-vibratoire-bois\/\" class=\"more-link\">Continuer la lecture<span class=\"screen-reader-text\"> de &laquo;&nbsp;Cr\u00e9ation vibratoire Bois&nbsp;&raquo;<\/span><\/a><\/p>\n","protected":false},"author":1,"featured_media":0,"parent":778,"menu_order":4,"comment_status":"closed","ping_status":"closed","template":"","meta":[],"_links":{"self":[{"href":"https:\/\/eleiana.fr\/index.php\/wp-json\/wp\/v2\/pages\/1005"}],"collection":[{"href":"https:\/\/eleiana.fr\/index.php\/wp-json\/wp\/v2\/pages"}],"about":[{"href":"https:\/\/eleiana.fr\/index.php\/wp-json\/wp\/v2\/types\/page"}],"author":[{"embeddable":true,"href":"https:\/\/eleiana.fr\/index.php\/wp-json\/wp\/v2\/users\/1"}],"replies":[{"embeddable":true,"href":"https:\/\/eleiana.fr\/index.php\/wp-json\/wp\/v2\/comments?post=1005"}],"version-history":[{"count":11,"href":"https:\/\/eleiana.fr\/index.php\/wp-json\/wp\/v2\/pages\/1005\/revisions"}],"predecessor-version":[{"id":1067,"href":"https:\/\/eleiana.fr\/index.php\/wp-json\/wp\/v2\/pages\/1005\/revisions\/1067"}],"up":[{"embeddable":true,"href":"https:\/\/eleiana.fr\/index.php\/wp-json\/wp\/v2\/pages\/778"}],"wp:attachment":[{"href":"https:\/\/eleiana.fr\/index.php\/wp-json\/wp\/v2\/media?parent=1005"}],"curies":[{"name":"wp","href":"https:\/\/api.w.org\/{rel}","templated":true}]}}